{"id":171,"date":"2025-09-30T08:00:00","date_gmt":"2025-09-30T08:00:00","guid":{"rendered":"https:\/\/auditoriovedruna.com\/?page_id=171"},"modified":"2026-02-27T09:57:23","modified_gmt":"2026-02-27T09:57:23","slug":"alquiler","status":"publish","type":"page","link":"https:\/\/auditoriovedruna.com\/?page_id=171","title":{"rendered":""},"content":{"rendered":"\n<div class=\"wp-block-group is-layout-flow wp-container-core-group-is-layout-a77db08e wp-block-group-is-layout-flow\">\n<div class=\"wp-block-group is-vertical is-content-justification-center is-layout-flex wp-container-core-group-is-layout-cb195526 wp-block-group-is-layout-flex\" style=\"padding-top:var(--wp--preset--spacing--80);padding-right:var(--wp--preset--spacing--80);padding-bottom:var(--wp--preset--spacing--80);padding-left:var(--wp--preset--spacing--80)\">\n<h2 class=\"wp-block-heading has-text-align-center\"><strong>\u00bfBuscas un espacio cuidado y profesional para tu evento, funci\u00f3n o producci\u00f3n esc\u00e9nica?<\/strong><\/h2>\n\n\n\n<p class=\"has-text-align-center has-large-font-size\" data-aos=\"fade\">El <strong>Auditorio Vedruna<\/strong>, en <strong>San Fernando (C\u00e1diz)<\/strong>, abre sus puertas al alquiler para <strong>compa\u00f1\u00edas, promotores, centros educativos, asociaciones y empresas<\/strong> que necesiten un escenario vers\u00e1til, c\u00f3modo y t\u00e9cnicamente preparado. Tras la reciente reforma del hist\u00f3rico sal\u00f3n de actos del Colegio Carmelitas, el auditorio ofrece una experiencia cercana con est\u00e1ndares t\u00e9cnicos actuales.<\/p>\n<\/div>\n\n\n\n<div class=\"wp-block-group has-background is-layout-flow wp-container-core-group-is-layout-44e57896 wp-block-group-is-layout-flow\" style=\"background-color:#00000008;padding-top:var(--wp--preset--spacing--80);padding-right:var(--wp--preset--spacing--60);padding-bottom:var(--wp--preset--spacing--80);padding-left:var(--wp--preset--spacing--60)\" data-aos=\"slide-up\" data-aos-duration=\"500\">\n<h2 class=\"wp-block-heading has-text-align-center\"><strong>Caracter\u00edsticas<\/strong><\/h2>\n\n\n\n<p class=\"has-text-align-center is-style-default\">Ideal para <strong>teatro, m\u00fasica, danza, musicales, conferencias, proyecciones, galas y actos institucionales<\/strong>.<\/p>\n\n\n\n<div class=\"wp-block-group alignwide is-layout-grid wp-container-core-group-is-layout-5d78daaa wp-block-group-is-layout-grid\">\n<div class=\"wp-block-group has-global-padding is-layout-constrained wp-container-core-group-is-layout-223629ee wp-block-group-is-layout-constrained\" style=\"border-style:none;border-width:0px;border-radius:5px;margin-top:0;margin-bottom:0;padding-top:var(--wp--preset--spacing--40);padding-right:var(--wp--preset--spacing--40);padding-bottom:var(--wp--preset--spacing--40);padding-left:var(--wp--preset--spacing--40)\" data-aos=\"flip-up\">\n<h2 class=\"wp-block-heading has-text-align-left is-style-default\"><strong>01 Sala principal<\/strong> <\/h2>\n\n\n\n<p class=\"has-text-align-left\">con 447 localidades con excelente visibilidad desde todas las butacas.<\/p>\n<\/div>\n\n\n\n<div class=\"wp-block-group is-style-default has-background has-global-padding is-layout-constrained wp-container-core-group-is-layout-223629ee wp-block-group-is-layout-constrained\" style=\"border-style:none;border-width:0px;border-radius:5px;background-color:#b7f000;margin-top:0;margin-bottom:0;padding-top:var(--wp--preset--spacing--40);padding-right:var(--wp--preset--spacing--40);padding-bottom:var(--wp--preset--spacing--40);padding-left:var(--wp--preset--spacing--40)\" data-aos=\"flip-up\">\n<h2 class=\"wp-block-heading has-text-align-left is-style-default\"><strong>03 <strong><strong>Camerino <\/strong><\/strong><\/strong><\/h2>\n\n\n\n<p class=\"has-text-align-left\"><strong>Camerino <\/strong>para artistas y ponentes.<\/p>\n<\/div>\n\n\n\n<div class=\"wp-block-group has-global-padding is-layout-constrained wp-container-core-group-is-layout-223629ee wp-block-group-is-layout-constrained\" style=\"border-style:none;border-width:0px;border-radius:5px;margin-top:0;margin-bottom:0;padding-top:var(--wp--preset--spacing--40);padding-right:var(--wp--preset--spacing--40);padding-bottom:var(--wp--preset--spacing--40);padding-left:var(--wp--preset--spacing--40)\" data-aos=\"flip-up\">\n<h2 class=\"wp-block-heading has-text-align-left is-style-default\"><strong>02 <strong>Equipamiento t\u00e9cnico<\/strong><\/strong><\/h2>\n\n\n\n<p class=\"has-text-align-left\">actualizado en <strong>iluminaci\u00f3n, sonido y proyecci\u00f3n<\/strong>, adaptable a distintos formatos.<\/p>\n<\/div>\n\n\n\n<div class=\"wp-block-group has-background has-global-padding is-layout-constrained wp-container-core-group-is-layout-223629ee wp-block-group-is-layout-constrained\" style=\"border-style:none;border-width:0px;border-radius:5px;background-color:#b7f000;margin-top:0;margin-bottom:0;padding-top:var(--wp--preset--spacing--40);padding-right:var(--wp--preset--spacing--40);padding-bottom:var(--wp--preset--spacing--40);padding-left:var(--wp--preset--spacing--40)\" data-aos=\"flip-up\">\n<h2 class=\"wp-block-heading has-text-align-left is-style-default\"><strong>04 <strong><strong><strong>Soporte t\u00e9cnico<\/strong><\/strong><\/strong><\/strong><\/h2>\n\n\n\n<p class=\"has-text-align-left\">asistencia de personal especializado durante el evento&nbsp;<\/p>\n<\/div>\n<\/div>\n<\/div>\n\n\n\n<div class=\"wp-block-group has-background is-vertical is-content-justification-center is-layout-flex wp-container-core-group-is-layout-22965cca wp-block-group-is-layout-flex\" style=\"border-style:none;border-width:0px;border-radius:0px;background-color:#b7f000;padding-top:var(--wp--preset--spacing--60);padding-right:var(--wp--preset--spacing--60);padding-bottom:var(--wp--preset--spacing--80);padding-left:var(--wp--preset--spacing--60)\">\n<h2 class=\"wp-block-heading has-text-align-center\"><strong>\u00bfQuieres detalles t\u00e9cnicos?<\/strong><\/h2>\n\n\n\n<div class=\"wp-block-group is-vertical is-content-justification-center is-layout-flex wp-container-core-group-is-layout-ce155fab wp-block-group-is-layout-flex\" data-aos=\"slide-up\">\n<div class=\"wp-block-buttons is-content-justification-center is-layout-flex wp-container-core-buttons-is-layout-a89b3969 wp-block-buttons-is-layout-flex\">\n<div class=\"wp-block-button\"><a class=\"wp-block-button__link wp-element-button\" href=\"https:\/\/auditoriovedruna.com\/wp-content\/uploads\/2026\/02\/DOSSIER_2026.pdf\">Descarga el dossier t\u00e9cnico <\/a><\/div>\n<\/div>\n\n\n\n<p class=\"has-text-align-center has-medium-font-size\"><em>(PDF con especificaciones de escenario, aforo, medidas, rider de luces\/sonido y condiciones de alquiler).<\/em><\/p>\n<\/div>\n<\/div>\n\n\n\n<div class=\"wp-block-group is-vertical is-content-justification-center is-layout-flex wp-container-core-group-is-layout-97012d89 wp-block-group-is-layout-flex\" style=\"margin-top:0;margin-bottom:0;padding-top:var(--wp--preset--spacing--80);padding-right:var(--wp--preset--spacing--60);padding-bottom:var(--wp--preset--spacing--80);padding-left:var(--wp--preset--spacing--60)\" data-aos=\"scale-in\">\n<h2 class=\"wp-block-heading has-text-align-center\"><strong>\u00bfC\u00f3mo reservar?<\/strong><\/h2>\n\n\n\n<div class=\"wp-block-group has-large-font-size is-vertical is-content-justification-center is-layout-flex wp-container-core-group-is-layout-ce155fab wp-block-group-is-layout-flex\">\n<ul class=\"wp-block-list\">\n<li><strong>Escr\u00edbenos<\/strong> con la fecha tentativa, tipo de evento y necesidades t\u00e9cnicas.<\/li>\n\n\n\n<li><strong>Contacto:<\/strong> contratacion@auditoriovedruna.com&nbsp;<\/li>\n<\/ul>\n\n\n\n<p>\u00a1Estaremos encantados de ayudarte a hacer realidad tu proyecto en el <strong>Auditorio Vedruna<\/strong>!<\/p>\n<\/div>\n<\/div>\n<\/div>\n","protected":false},"excerpt":{"rendered":"<p>\u00bfBuscas un espacio cuidado y profesional para tu evento, funci\u00f3n o producci\u00f3n esc\u00e9nica? El Auditorio Vedruna, en San Fernando (C\u00e1diz), abre sus puertas al alquiler para compa\u00f1\u00edas, promotores, centros educativos, asociaciones y empresas que necesiten un escenario vers\u00e1til, c\u00f3modo y t\u00e9cnicamente preparado. Tras la reciente reforma del hist\u00f3rico sal\u00f3n de actos del Colegio Carmelitas, el [&hellip;]<\/p>\n","protected":false},"author":1,"featured_media":0,"parent":0,"menu_order":0,"comment_status":"closed","ping_status":"closed","template":"","meta":{"footnotes":""},"class_list":["post-171","page","type-page","status-publish","hentry"],"_links":{"self":[{"href":"https:\/\/auditoriovedruna.com\/index.php?rest_route=\/wp\/v2\/pages\/171","targetHints":{"allow":["GET"]}}],"collection":[{"href":"https:\/\/auditoriovedruna.com\/index.php?rest_route=\/wp\/v2\/pages"}],"about":[{"href":"https:\/\/auditoriovedruna.com\/index.php?rest_route=\/wp\/v2\/types\/page"}],"author":[{"embeddable":true,"href":"https:\/\/auditoriovedruna.com\/index.php?rest_route=\/wp\/v2\/users\/1"}],"replies":[{"embeddable":true,"href":"https:\/\/auditoriovedruna.com\/index.php?rest_route=%2Fwp%2Fv2%2Fcomments&post=171"}],"version-history":[{"count":32,"href":"https:\/\/auditoriovedruna.com\/index.php?rest_route=\/wp\/v2\/pages\/171\/revisions"}],"predecessor-version":[{"id":565,"href":"https:\/\/auditoriovedruna.com\/index.php?rest_route=\/wp\/v2\/pages\/171\/revisions\/565"}],"wp:attachment":[{"href":"https:\/\/auditoriovedruna.com\/index.php?rest_route=%2Fwp%2Fv2%2Fmedia&parent=171"}],"curies":[{"name":"wp","href":"https:\/\/api.w.org\/{rel}","templated":true}]}}